{"id":2,"date":"2020-03-21T23:54:13","date_gmt":"2020-03-21T22:54:13","guid":{"rendered":"http:\/\/elektro-wittiber.de\/?page_id=2"},"modified":"2020-04-14T01:07:42","modified_gmt":"2020-04-13T23:07:42","slug":"impressum","status":"publish","type":"page","link":"https:\/\/elektro-wittiber.de\/?page_id=2","title":{"rendered":"Impressum"},"content":{"rendered":"\n<p>\nElektro Wittiber GmbH<br>\nB\u00f6vinghauser Str. 26<br>\n44577 Castrop-Rauxel<br>\n<br>\nTelefon: +49 (0)2305 \/ 60 73 6<br>\nTelefax: +49 (0)2305 \/ 63 16 1<br>\n<br>\nGesch\u00e4ftsform: GmbH<br>\nInhaber: Herr Thomas Wittiber<br>\nGesch\u00e4ftsf\u00fchrer: Herr Thomas Wittiber<br>\nVertretungsberechtigt: Herr Thomas Wittiber<br>\n<br>\nRegisterart: Handelsregister <br>\nRegister\/Ort: Amtsgericht Dortmund <br>\nRegisternummer: HRB 16716 <br> \nKammer: Handwerkskammer, M\u00fcnster<br>\n<br>\nGesetzliche Berufsbezeichnung: Elektroinstallateurmeister<br>\n<br>\nWirtschaftssteuer ID: DE 812448403<\/p>\n","protected":false},"excerpt":{"rendered":"<p>Elektro Wittiber GmbH B\u00f6vinghauser Str. 26 44577 Castrop-Rauxel Telefon: +49 (0)2305 \/ 60 73 6 Telefax: +49 (0)2305 \/ 63 16 1 Gesch\u00e4ftsform: GmbH Inhaber: Herr Thomas Wittiber Gesch\u00e4ftsf\u00fchrer: Herr Thomas Wittiber Vertretungsberechtigt: Herr Thomas Wittiber Registerart: Handelsregister Register\/Ort: Amtsgericht Dortmund Registernummer: HRB 16716 Kammer: Handwerkskammer, M\u00fcnster Gesetzliche Berufsbezeichnung: Elektroinstallateurmeister Wirtschaftssteuer ID: DE 812448403<\/p>\n","protected":false},"author":1,"featured_media":0,"parent":0,"menu_order":0,"comment_status":"closed","ping_status":"open","template":"","meta":{"footnotes":""},"class_list":["post-2","page","type-page","status-publish","hentry"],"_links":{"self":[{"href":"https:\/\/elektro-wittiber.de\/index.php?rest_route=\/wp\/v2\/pages\/2","targetHints":{"allow":["GET"]}}],"collection":[{"href":"https:\/\/elektro-wittiber.de\/index.php?rest_route=\/wp\/v2\/pages"}],"about":[{"href":"https:\/\/elektro-wittiber.de\/index.php?rest_route=\/wp\/v2\/types\/page"}],"author":[{"embeddable":true,"href":"https:\/\/elektro-wittiber.de\/index.php?rest_route=\/wp\/v2\/users\/1"}],"replies":[{"embeddable":true,"href":"https:\/\/elektro-wittiber.de\/index.php?rest_route=%2Fwp%2Fv2%2Fcomments&post=2"}],"version-history":[{"count":7,"href":"https:\/\/elektro-wittiber.de\/index.php?rest_route=\/wp\/v2\/pages\/2\/revisions"}],"predecessor-version":[{"id":203,"href":"https:\/\/elektro-wittiber.de\/index.php?rest_route=\/wp\/v2\/pages\/2\/revisions\/203"}],"wp:attachment":[{"href":"https:\/\/elektro-wittiber.de\/index.php?rest_route=%2Fwp%2Fv2%2Fmedia&parent=2"}],"curies":[{"name":"wp","href":"https:\/\/api.w.org\/{rel}","templated":true}]}}